{"id":2463,"date":"2023-03-14T11:43:43","date_gmt":"2023-03-14T11:43:43","guid":{"rendered":"https:\/\/www.adsretail.net\/?page_id=2463"},"modified":"2023-03-14T11:43:44","modified_gmt":"2023-03-14T11:43:44","slug":"privacidad-cookies-aviso","status":"publish","type":"page","link":"https:\/\/www.adsretail.net\/ca\/privacidad-cookies-aviso\/","title":{"rendered":"Privacidad, cookies, aviso"},"content":{"rendered":"<div data-elementor-type=\"wp-page\" data-elementor-id=\"2463\" class=\"elementor elementor-2463\" data-elementor-post-type=\"page\">\n\t\t\t\t\t\t<section class=\"elementor-section elementor-top-section elementor-element elementor-element-24225570 elementor-section-boxed elementor-section-height-default elementor-section-height-default\" data-id=\"24225570\" data-element_type=\"section\">\n\t\t\t\t\t\t<div class=\"elementor-container elementor-column-gap-default\">\n\t\t\t\t\t<div class=\"elementor-column elementor-col-100 elementor-top-column elementor-element elementor-element-67f80d9\" data-id=\"67f80d9\" data-element_type=\"column\">\n\t\t\t<div class=\"elementor-widget-wrap elementor-element-populated\">\n\t\t\t\t\t\t<div class=\"elementor-element elementor-element-1ac0003d elementor-widget elementor-widget-text-editor\" data-id=\"1ac0003d\" data-element_type=\"widget\" data-widget_type=\"text-editor.default\">\n\t\t\t\t<div class=\"elementor-widget-container\">\n\t\t\t\t\t\t\t\t\t<p><strong>1.OBECTE <\/strong><\/p><p>Aquest av\u00eds legal regula l'\u00fas i la utilitzaci\u00f3 del lloc www.lalzinadesynera.com, del qual \u00e9s titular L\u2019ALZINA DE SYNERA SL (d'ara endavant, EL PROPIETARI DEL WEB). La navegaci\u00f3 pel lloc web d'EL PROPIETARI DE LA WEB us atribueix la condici\u00f3 d'USUARI del mateix i comporta la seva acceptaci\u00f3 plena i sense reserves de totes i cadascuna de les condicions publicades en aquest av\u00eds legal, advertint que aquestes condicions podran ser modificades sense notificaci\u00f3 pr\u00e8via per part del PROPIETARI DE LA WEB, cas en qu\u00e8 es procedir\u00e0 a la seva publicaci\u00f3 i av\u00eds amb la m\u00e0xima antelaci\u00f3 possible. Per aix\u00f2 \u00e9s recomanable llegir-ne atentament el contingut en cas de desitjar accedir i fer \u00fas de la informaci\u00f3 i dels serveis oferts des d'aquest lloc web. L'usuari, a m\u00e9s, s'obliga a fer un \u00fas correcte del lloc web de conformitat amb les lleis, la bona fe, l'ordre p\u00fablic, els usos del tr\u00e0nsit i aquest Av\u00eds Legal, i respondr\u00e0 davant del PROPIETARI DEL WEB o davant a tercers, de qualssevol danys i perjudicis que es puguin causar com a conseq\u00fc\u00e8ncia de l'incompliment de la dita obligaci\u00f3. Qualsevol utilitzaci\u00f3 diferent de l'autoritzada est\u00e0 expressament prohibida, i EL PROPIETARI DEL WEB pot denegar o retirar l'acc\u00e9s i el seu \u00fas en qualsevol moment.<\/p><p><strong style=\"color: var( --e-global-color-text ); font-family: var( --e-global-typography-text-font-family ), Sans-serif;\">2. IDENTIFICACI\u00d3<\/strong><\/p><p>EL PROPIETARI DEL WEB, en compliment de la Llei 34\/2002, d'11 de juliol, de Serveis de la Societat de la Informaci\u00f3 i de Comer\u00e7 Electr\u00f2nic, us informa que:<\/p><ul><li>Su denominaci\u00f3n social es: L&#8217;ALZINA DE SYNERA SL<\/li><li>Su CIF es: B64080658<\/li><li>Su domicilio social est\u00e1 en: C\/ Salvador Espriu, 32 2E &#8211; 08360 &#8211; Canet de Mar \u2013 BARCELONA<\/li><li>Empresa inscrita en el Registro Mercantil de Barcelona, Tomo 38210, Libro 1, Folio 0126 Hoja 323018 Inscripci\u00f3n 5\u00aa<\/li><\/ul><p><strong style=\"background-color: transparent; color: var( --e-global-color-text ); font-family: var( --e-global-typography-text-font-family ), Sans-serif;\">\u00a0<\/strong><\/p><p><strong style=\"background-color: transparent; color: var( --e-global-color-text ); font-family: var( --e-global-typography-text-font-family ), Sans-serif;\">3. COMUNICACIONES<\/strong><\/p><p>Per comunicar-se amb nosaltres, posem a la seva disposici\u00f3 diferents mitjans de contacte que detallem a continuaci\u00f3:<\/p><ul><li>Tfno.: 608817593<\/li><li>Email: info@lalzinadesynera.cat<\/li><\/ul><p>Totes les notificacions i comunicacions entre els usuaris i el PROPIETARI DE LA WEB es consideraran efica\u00e7os, a tots els efectes, quan es realitzin a trav\u00e9s de qualsevol mitj\u00e0 dels detallats anteriorment.<\/p><p><strong style=\"color: var( --e-global-color-text ); font-family: var( --e-global-typography-text-font-family ), Sans-serif;\">4. CONDICIONES DE ACCESO Y UTILIZACI\u00d3N<\/strong><\/p><p>El sitio web y sus servicios son de acceso libre y gratuito. No obstante, PROPIETARIO DE LA WEB puede condicionar la utilizaci\u00f3n de algunos de los servicios ofrecidos en su web a la previa cumplimentaci\u00f3n del correspondiente formulario. El usuario garantiza la autenticidad y actualidad de todos aquellos datos que comunique a PROPIETARIO DE LA WEB y ser\u00e1 el \u00fanico responsable de las manifestaciones falsas o inexactas que realice. El usuario se compromete expresamente a hacer un uso adecuado de los contenidos y servicios de PROPIETARIO DE LA WEB y a no emplearlos para, entre otros:<\/p><p>a) Difundir contenidos delictivos, violentos, pornogr\u00e1ficos, racistas, xen\u00f3fobos, ofensivos, de apolog\u00eda del terrorismo o, en general, contrarios a la ley o al orden p\u00fablico.<\/p><p>b) Introducir en la red virus inform\u00e1ticos o realizar actuaciones susceptibles de alterar, estropear, interrumpir o generar errores o da\u00f1os en los documentos electr\u00f3nicos, datos o sistemas f\u00edsicos y l\u00f3gicos de PROPIETARIO DE LA WEB o de terceras personas; as\u00ed como obstaculizar el acceso de otros usuarios al sitio web y a sus servicios mediante el consumo masivo de los recursos inform\u00e1ticos a trav\u00e9s de los cuales PROPIETARIO DE LA WEB presta sus servicios.<\/p><p>c) Intentar acceder a las cuentas de correo electr\u00f3nico de otros usuarios o a \u00e1reas restringidas de los sistemas inform\u00e1ticos de PROPIETARIO DE LA WEB o de terceros y, en su caso, extraer informaci\u00f3n.<\/p><p>d) Vulnerar los derechos de propiedad intelectual o industrial, as\u00ed como violar la confidencialidad de la informaci\u00f3n de PROPIETARIO DE LA WEB o de terceros.<\/p><p>e) Suplantar la identidad de cualquier otro usuario.<\/p><p>f) Reproducir, copiar, distribuir, poner a disposici\u00f3n de, o cualquier otra forma de comunicaci\u00f3n p\u00fablica, transformar o modificar los contenidos, a menos que se cuente con la autorizaci\u00f3n del titular de los correspondientes derechos o ello resulte legalmente permitido.<\/p><p>g) Recabar datos con finalidad publicitaria y de remitir publicidad de cualquier clase y comunicaciones con fines de venta u otras de naturaleza comercial sin que medie su previa solicitud o consentimiento. Todos los contenidos del sitio web, como textos, fotograf\u00edas, gr\u00e1ficos, im\u00e1genes, iconos, tecnolog\u00eda, software, as\u00ed como su dise\u00f1o gr\u00e1fico y c\u00f3digos fuente, constituyen una obra cuya propiedad pertenece a PROPIETARIO DE LA WEB, sin que puedan entenderse cedidos al usuario ninguno de los derechos de explotaci\u00f3n sobre los mismos m\u00e1s all\u00e1 de lo estrictamente necesario para el correcto uso de la web. En definitiva, los usuarios que accedan a este sitio web pueden visualizar los contenidos y efectuar, en su caso, copias privadas autorizadas siempre que los elementos reproducidos no sean cedidos posteriormente a terceros, ni se instalen a servidores conectados a redes, ni sean objeto de ning\u00fan tipo de explotaci\u00f3n. Asimismo, todas las marcas, nombres comerciales o signos distintivos de cualquier clase que aparecen en el sitio web son propiedad de PROPIETARIO DE LA WEB, sin que pueda entenderse que el uso o acceso al mismo atribuya al usuario derecho alguno sobre los mismos. La distribuci\u00f3n, modificaci\u00f3n, cesi\u00f3n o comunicaci\u00f3n p\u00fablica de los contenidos y cualquier otro acto que no haya sido expresamente autorizado por el titular de los derechos de explotaci\u00f3n quedan prohibidos. El establecimiento de un hiperenlace no implica en ning\u00fan caso la existencia de relaciones entre PROPIETARIO DE LA WEB y el propietario del sitio web en la que se establezca, ni la aceptaci\u00f3n y aprobaci\u00f3n por parte de PROPIETARIO DE LA WEB de sus contenidos o servicios. PROPIETARIO DE LA WEB no se responsabiliza del uso que cada usuario les d\u00e9 a los materiales puestos a disposici\u00f3n en este sitio web ni de las actuaciones que realice en base a los mismos.<\/p><p><strong style=\"color: var( --e-global-color-text ); font-family: var( --e-global-typography-text-font-family ), Sans-serif;\">4.1. EXCLUSI\u00d3N DE GARANT\u00cdAS Y DE RESPONSABILIDAD EN EL ACCESO Y LA UTILIZACI\u00d3N<\/strong><\/p><p>El contenido del presente sitio web es de car\u00e1cter general y tiene una finalidad meramente informativa, sin que se garantice plenamente el acceso a todos los contenidos, ni su exhaustividad, correcci\u00f3n, vigencia o actualidad, ni su idoneidad o utilidad para un objetivo espec\u00edfico. PROPIETARIO DE LA WEB excluye, hasta donde permite el ordenamiento jur\u00eddico, cualquier responsabilidad por los da\u00f1os y perjuicios de toda naturaleza derivados de:<\/p><p>a) La imposibilidad de acceso al sitio web o la falta de veracidad, exactitud, exhaustividad y\/o actualidad de los contenidos, as\u00ed como la existencia de vicios y defectos de toda clase de los contenidos transmitidos, difundidos, almacenados, puestos a disposici\u00f3n, a los que se haya accedido a trav\u00e9s del sitio web o de los servicios que se ofrecen.<\/p><p>b) La presencia de virus o de otros elementos en los contenidos que puedan producir alteraciones en los sistemas inform\u00e1ticos, documentos electr\u00f3nicos o datos de los usuarios.<\/p><p>c) El incumplimiento de las leyes, la buena fe, el orden p\u00fablico, los usos del tr\u00e1fico y el presente aviso legal como consecuencia del uso incorrecto del sitio web. En particular, y a modo ejemplificativo, PROPIETARIO DE LA WEB no se hace responsable de las actuaciones de terceros que vulneren derechos de propiedad intelectual e industrial, secretos empresariales, derechos al honor, a la intimidad personal y familiar y a la propia imagen, as\u00ed como la normativa en materia de competencia desleal y publicidad il\u00edcita. Asimismo, PROPIETARIO DE LA WEB declina cualquier responsabilidad respecto a la informaci\u00f3n que se halle fuera de esta web y no sea gestionada directamente por nuestro webmaster. La funci\u00f3n de los links que aparecen en esta web es exclusivamente la de informar al usuario sobre la existencia de otras fuentes susceptibles de ampliar los contenidos que ofrece este sitio web. PROPIETARIO DE LA WEB no garantiza ni se responsabiliza del funcionamiento o accesibilidad de los sitios enlazados; ni sugiere, invita o recomienda la visita a los mismos, por lo que tampoco ser\u00e1 responsable del resultado obtenido. PROPIETARIO DE LA WEB no se responsabiliza del establecimiento de hiperv\u00ednculos por parte de terceros.<\/p><p><strong style=\"color: var( --e-global-color-text ); font-family: var( --e-global-typography-text-font-family ), Sans-serif;\">4.2. PROCEDIMIENTO EN CASO DE REALIZACI\u00d3N DE ACTIVIDADES DE CAR\u00c1CTER IL\u00cdCITO<\/strong><\/p><p>En el caso de que cualquier usuario o un tercero considere que existen hechos o circunstancias que revelen el car\u00e1cter il\u00edcito de la utilizaci\u00f3n de cualquier contenido y\/o de la realizaci\u00f3n de cualquier actividad en las p\u00e1ginas web incluidas o accesibles a trav\u00e9s del sitio web, deber\u00e1 enviar una notificaci\u00f3n a PROPIETARIO DE LA WEB identific\u00e1ndose debidamente y especificando las supuestas infracciones.<\/p><p><strong style=\"color: var( --e-global-color-text ); font-family: var( --e-global-typography-text-font-family ), Sans-serif;\">4.3. PUBLICACIONES<\/strong><\/p><p>La informaci\u00f3 administrativa facilitada a trav\u00e9s del lloc web no substitueix la publicitat legal de les lleis, normatives, plans, disposicions generals i actes que hagin de ser publicats formalment als diaris oficials de les administracions p\u00fabliques, que constitueixen l'\u00fanic instrument que d\u00f3na fe de la seva autenticitat i contingut. La informaci\u00f3 disponible en aquest lloc web s'ha d'entendre com una guia sense prop\u00f2sit de validesa legal.<\/p><p><strong style=\"color: var( --e-global-color-text ); font-family: var( --e-global-typography-text-font-family ), Sans-serif;\">5. LEGISLACI\u00d3N APLICABLE<\/strong><\/p><p>Les condicions presents es regiran per la legislaci\u00f3 espanyola vigent.<\/p><p>La lengua utilizada ser\u00e1 el Castellano y el Catalan<\/p>\t\t\t\t\t\t\t\t<\/div>\n\t\t\t\t<\/div>\n\t\t\t\t\t<\/div>\n\t\t<\/div>\n\t\t\t\t\t<\/div>\n\t\t<\/section>\n\t\t\t\t<\/div>","protected":false},"excerpt":{"rendered":"<p>1. OBJETO El presente aviso legal regula el uso y utilizaci\u00f3n del sitio www.lalzinadesynera.com, del que es titular L&#8217;ALZINA DE SYNERA SL (en adelante, EL PROPIETARIO DE LA WEB). La navegaci\u00f3n por el sitio web de EL PROPIETARIO DE LA WEB le atribuye la condici\u00f3n de USUARIO del mismo y conlleva su aceptaci\u00f3n plena y [&hellip;]<\/p>","protected":false},"author":5,"featured_media":1799,"parent":0,"menu_order":0,"comment_status":"closed","ping_status":"closed","template":"elementor_theme","meta":{"footnotes":""},"class_list":["post-2463","page","type-page","status-publish","has-post-thumbnail","hentry"],"aioseo_notices":[],"_links":{"self":[{"href":"https:\/\/www.adsretail.net\/ca\/wp-json\/wp\/v2\/pages\/2463","targetHints":{"allow":["GET"]}}],"collection":[{"href":"https:\/\/www.adsretail.net\/ca\/wp-json\/wp\/v2\/pages"}],"about":[{"href":"https:\/\/www.adsretail.net\/ca\/wp-json\/wp\/v2\/types\/page"}],"author":[{"embeddable":true,"href":"https:\/\/www.adsretail.net\/ca\/wp-json\/wp\/v2\/users\/5"}],"replies":[{"embeddable":true,"href":"https:\/\/www.adsretail.net\/ca\/wp-json\/wp\/v2\/comments?post=2463"}],"version-history":[{"count":1,"href":"https:\/\/www.adsretail.net\/ca\/wp-json\/wp\/v2\/pages\/2463\/revisions"}],"predecessor-version":[{"id":2464,"href":"https:\/\/www.adsretail.net\/ca\/wp-json\/wp\/v2\/pages\/2463\/revisions\/2464"}],"wp:featuredmedia":[{"embeddable":true,"href":"https:\/\/www.adsretail.net\/ca\/wp-json\/wp\/v2\/media\/1799"}],"wp:attachment":[{"href":"https:\/\/www.adsretail.net\/ca\/wp-json\/wp\/v2\/media?parent=2463"}],"curies":[{"name":"wp","href":"https:\/\/api.w.org\/{rel}","templated":true}]}}